{"id":537,"date":"2026-04-13T21:08:17","date_gmt":"2026-04-13T21:08:17","guid":{"rendered":"https:\/\/fb8c57f0c5.0b5.mcms.ovh.net\/?page_id=537"},"modified":"2026-04-13T21:08:17","modified_gmt":"2026-04-13T21:08:17","slug":"home-2","status":"publish","type":"page","link":"https:\/\/fb8c57f0c5.0b5.mcms.ovh.net\/?page_id=537","title":{"rendered":"Home"},"content":{"rendered":"\t\t<div data-elementor-type=\"wp-page\" data-elementor-id=\"537\" class=\"elementor elementor-537\">\n\t\t\t\t<div class=\"elementor-element elementor-element-429593c e-flex e-con-boxed e-con e-parent\" data-id=\"429593c\" data-element_type=\"container\" data-e-type=\"container\" data-settings=\"{&quot;background_background&quot;:&quot;classic&quot;}\">\n\t\t\t\t\t<div class=\"e-con-inner\">\n\t\t\t\t<div class=\"elementor-element elementor-element-d31b343 elementor-widget elementor-widget-image-box\" data-id=\"d31b343\" data-element_type=\"widget\" data-e-type=\"widget\" data-widget_type=\"image-box.default\">\n\t\t\t\t<div class=\"elementor-widget-container\">\n\t\t\t\t\t<div class=\"elementor-image-box-wrapper\"><div class=\"elementor-image-box-content\"><h1 class=\"elementor-image-box-title\">D\u00e9couvrez les saveurs du monde\u200b<\/h1><p class=\"elementor-image-box-description\">Plongez dans un univers de produits exotiques et authentiques, directement sur votre table.<\/p><\/div><\/div>\t\t\t\t<\/div>\n\t\t\t\t<\/div>\n\t\t\t\t<div class=\"elementor-element elementor-element-77b2a52 elementor-align-center elementor-widget elementor-widget-button\" data-id=\"77b2a52\" data-element_type=\"widget\" data-e-type=\"widget\" data-widget_type=\"button.default\">\n\t\t\t\t<div class=\"elementor-widget-container\">\n\t\t\t\t\t\t\t\t\t<div class=\"elementor-button-wrapper\">\n\t\t\t\t\t<a class=\"elementor-button elementor-button-link elementor-size-sm\" href=\"\/contact\/\">\n\t\t\t\t\t\t<span class=\"elementor-button-content-wrapper\">\n\t\t\t\t\t\t\t\t\t<span class=\"elementor-button-text\">Magasinez maintenant<\/span>\n\t\t\t\t\t<\/span>\n\t\t\t\t\t<\/a>\n\t\t\t\t<\/div>\n\t\t\t\t\t\t\t\t<\/div>\n\t\t\t\t<\/div>\n\t\t\t\t\t<\/div>\n\t\t\t\t<\/div>\n\t\t<div class=\"elementor-element elementor-element-735d843 e-flex e-con-boxed e-con e-parent\" data-id=\"735d843\" data-element_type=\"container\" data-e-type=\"container\" data-settings=\"{&quot;background_background&quot;:&quot;classic&quot;}\">\n\t\t\t\t\t<div class=\"e-con-inner\">\n\t\t\t\t<div class=\"elementor-element elementor-element-e81376a elementor-widget elementor-widget-image-box\" data-id=\"e81376a\" data-element_type=\"widget\" data-e-type=\"widget\" data-widget_type=\"image-box.default\">\n\t\t\t\t<div class=\"elementor-widget-container\">\n\t\t\t\t\t<div class=\"elementor-image-box-wrapper\"><div class=\"elementor-image-box-content\"><h2 class=\"elementor-image-box-title\">D\u00e9couvrez nos produits exotiques<\/h2><p class=\"elementor-image-box-description\">Plongez dans un monde de saveurs uniques avec notre s\u00e9lection d'articles alimentaires et cosm\u00e9tiques de qualit\u00e9 sup\u00e9rieure.<\/p><\/div><\/div>\t\t\t\t<\/div>\n\t\t\t\t<\/div>\n\t\t<div class=\"elementor-element elementor-element-a410366 e-con-full e-flex e-con e-child\" data-id=\"a410366\" data-element_type=\"container\" data-e-type=\"container\">\n\t\t<div class=\"elementor-element elementor-element-bf43d19 e-con-full e-flex e-con e-child\" data-id=\"bf43d19\" data-element_type=\"container\" data-e-type=\"container\">\n\t\t\t\t<div class=\"elementor-element elementor-element-51f32f0 elementor-widget elementor-widget-image\" data-id=\"51f32f0\" data-element_type=\"widget\" data-e-type=\"widget\" data-widget_type=\"image.default\">\n\t\t\t\t<div class=\"elementor-widget-container\">\n\t\t\t\t\t\t\t\t\t\t\t\t\t\t\t<img fetchpriority=\"high\" decoding=\"async\" width=\"1920\" height=\"520\" src=\"https:\/\/fb8c57f0c5.0b5.mcms.ovh.net\/wp-content\/uploads\/2025\/03\/contact-bg.jpeg\" class=\"attachment-full size-full wp-image-52\" alt=\"contact bg\" srcset=\"https:\/\/fb8c57f0c5.0b5.mcms.ovh.net\/wp-content\/uploads\/2025\/03\/contact-bg.jpeg 1920w, https:\/\/fb8c57f0c5.0b5.mcms.ovh.net\/wp-content\/uploads\/2025\/03\/contact-bg-300x81.jpeg 300w, https:\/\/fb8c57f0c5.0b5.mcms.ovh.net\/wp-content\/uploads\/2025\/03\/contact-bg-1024x277.jpeg 1024w, https:\/\/fb8c57f0c5.0b5.mcms.ovh.net\/wp-content\/uploads\/2025\/03\/contact-bg-768x208.jpeg 768w, https:\/\/fb8c57f0c5.0b5.mcms.ovh.net\/wp-content\/uploads\/2025\/03\/contact-bg-1536x416.jpeg 1536w\" sizes=\"(max-width: 1920px) 100vw, 1920px\" title=\"Home\">\t\t\t\t\t\t\t\t\t\t\t\t\t\t\t<\/div>\n\t\t\t\t<\/div>\n\t\t\t\t<div class=\"elementor-element elementor-element-02bd857 elementor-widget elementor-widget-hfe-infocard\" data-id=\"02bd857\" data-element_type=\"widget\" data-e-type=\"widget\" data-widget_type=\"hfe-infocard.default\">\n\t\t\t\t<div class=\"elementor-widget-container\">\n\t\t\t\t\t\n\t\t<div class=\"hfe-infocard\">\n\t\t\t\t\t\t\t\t\t<div class=\"hfe-infocard-title-wrap\">\n\t\t\t\t<h3 class=\"hfe-infocard-title elementor-inline-editing\" data-elementor-setting-key=\"infocard_title\" data-elementor-inline-editing-toolbar=\"basic\" >\u00c9picerie\u200b\u200b<\/h3>\t\t\t<\/div>\n\t\t\t\t\t\t<div class=\"hfe-infocard-text-wrap\">\n\t\t\t\t<div class=\"hfe-infocard-text elementor-inline-editing\" data-elementor-setting-key=\"infocard_description\" data-elementor-inline-editing-toolbar=\"advanced\">\n\t\t\t\t\tExplorez notre gamme d'\u00e9pices, sauces et ingr\u00e9dients exotiques. Chaque produit est soigneusement s\u00e9lectionn\u00e9 pour sa qualit\u00e9 et son authenticit\u00e9.\t\t\t\t<\/div>\n\t\t\t\t\t\t\t<\/div>\n\t\t<\/div>\n\n\t\t\t\t\t\t<\/div>\n\t\t\t\t<\/div>\n\t\t\t\t<\/div>\n\t\t<div class=\"elementor-element elementor-element-f239f43 e-con-full e-flex e-con e-child\" data-id=\"f239f43\" data-element_type=\"container\" data-e-type=\"container\">\n\t\t\t\t<div class=\"elementor-element elementor-element-8e53c1e elementor-widget elementor-widget-image\" data-id=\"8e53c1e\" data-element_type=\"widget\" data-e-type=\"widget\" data-widget_type=\"image.default\">\n\t\t\t\t<div class=\"elementor-widget-container\">\n\t\t\t\t\t\t\t\t\t\t\t\t\t\t\t<img decoding=\"async\" src=\"http:\/\/e-multipurpose1.ziptemplates.top\/wp-content\/uploads\/2025\/03\/offerings-02.jpg\" title=\"Home\" alt=\"Offerings 02\" loading=\"lazy\">\t\t\t\t\t\t\t\t\t\t\t\t\t\t\t<\/div>\n\t\t\t\t<\/div>\n\t\t\t\t<div class=\"elementor-element elementor-element-1c5bf71 elementor-widget elementor-widget-hfe-infocard\" data-id=\"1c5bf71\" data-element_type=\"widget\" data-e-type=\"widget\" data-widget_type=\"hfe-infocard.default\">\n\t\t\t\t<div class=\"elementor-widget-container\">\n\t\t\t\t\t\n\t\t<div class=\"hfe-infocard\">\n\t\t\t\t\t\t\t\t\t<div class=\"hfe-infocard-title-wrap\">\n\t\t\t\t<h3 class=\"hfe-infocard-title elementor-inline-editing\" data-elementor-setting-key=\"infocard_title\" data-elementor-inline-editing-toolbar=\"basic\" >Produits alimentaires\u200b\u200b<\/h3>\t\t\t<\/div>\n\t\t\t\t\t\t<div class=\"hfe-infocard-text-wrap\">\n\t\t\t\t<div class=\"hfe-infocard-text elementor-inline-editing\" data-elementor-setting-key=\"infocard_description\" data-elementor-inline-editing-toolbar=\"advanced\">\n\t\t\t\t\tD\u00e9gustez des produits alimentaires r\u00e9gionaux, allant des collations artisanales aux plats pr\u00e9par\u00e9s, reflet des traditions culinaires du monde.\t\t\t\t<\/div>\n\t\t\t\t\t\t\t<\/div>\n\t\t<\/div>\n\n\t\t\t\t\t\t<\/div>\n\t\t\t\t<\/div>\n\t\t\t\t<\/div>\n\t\t<div class=\"elementor-element elementor-element-bb804fc e-con-full e-flex e-con e-child\" data-id=\"bb804fc\" data-element_type=\"container\" data-e-type=\"container\">\n\t\t\t\t<div class=\"elementor-element elementor-element-c5effc6 elementor-widget elementor-widget-image\" data-id=\"c5effc6\" data-element_type=\"widget\" data-e-type=\"widget\" data-widget_type=\"image.default\">\n\t\t\t\t<div class=\"elementor-widget-container\">\n\t\t\t\t\t\t\t\t\t\t\t\t\t\t\t<img decoding=\"async\" src=\"http:\/\/e-multipurpose1.ziptemplates.top\/wp-content\/uploads\/2025\/03\/offerings-03.jpg\" title=\"Home\" alt=\"Offerings 03\" loading=\"lazy\">\t\t\t\t\t\t\t\t\t\t\t\t\t\t\t<\/div>\n\t\t\t\t<\/div>\n\t\t\t\t<div class=\"elementor-element elementor-element-8a1bc96 elementor-widget elementor-widget-hfe-infocard\" data-id=\"8a1bc96\" data-element_type=\"widget\" data-e-type=\"widget\" data-widget_type=\"hfe-infocard.default\">\n\t\t\t\t<div class=\"elementor-widget-container\">\n\t\t\t\t\t\n\t\t<div class=\"hfe-infocard\">\n\t\t\t\t\t\t\t\t\t<div class=\"hfe-infocard-title-wrap\">\n\t\t\t\t<h3 class=\"hfe-infocard-title elementor-inline-editing\" data-elementor-setting-key=\"infocard_title\" data-elementor-inline-editing-toolbar=\"basic\" >Cosm\u00e9tiques naturels\u200b\u200b<\/h3>\t\t\t<\/div>\n\t\t\t\t\t\t<div class=\"hfe-infocard-text-wrap\">\n\t\t\t\t<div class=\"hfe-infocard-text elementor-inline-editing\" data-elementor-setting-key=\"infocard_description\" data-elementor-inline-editing-toolbar=\"advanced\">\n\t\t\t\t\tTransformez votre routine de beaut\u00e9 avec nos cosm\u00e9tiques naturels. Formul\u00e9s avec des ingr\u00e9dients d'origine africaine, ils respectent votre peau et l'environnement.\t\t\t\t<\/div>\n\t\t\t\t\t\t\t<\/div>\n\t\t<\/div>\n\n\t\t\t\t\t\t<\/div>\n\t\t\t\t<\/div>\n\t\t\t\t<\/div>\n\t\t\t\t<\/div>\n\t\t\t\t\t<\/div>\n\t\t\t\t<\/div>\n\t\t<div class=\"elementor-element elementor-element-786a8a2 e-flex e-con-boxed e-con e-parent\" data-id=\"786a8a2\" data-element_type=\"container\" data-e-type=\"container\" data-settings=\"{&quot;background_background&quot;:&quot;classic&quot;}\">\n\t\t\t\t\t<div class=\"e-con-inner\">\n\t\t<div class=\"elementor-element elementor-element-f409a1e e-con-full e-flex e-con e-child\" data-id=\"f409a1e\" data-element_type=\"container\" data-e-type=\"container\">\n\t\t\t\t<div class=\"elementor-element elementor-element-89f0474 elementor-widget elementor-widget-image\" data-id=\"89f0474\" data-element_type=\"widget\" data-e-type=\"widget\" data-widget_type=\"image.default\">\n\t\t\t\t<div class=\"elementor-widget-container\">\n\t\t\t\t\t\t\t\t\t\t\t\t\t\t\t<img decoding=\"async\" src=\"http:\/\/e-multipurpose1.ziptemplates.top\/wp-content\/uploads\/2025\/03\/about.jpg\" title=\"Home\" alt=\"About\" loading=\"lazy\">\t\t\t\t\t\t\t\t\t\t\t\t\t\t\t<\/div>\n\t\t\t\t<\/div>\n\t\t\t\t<\/div>\n\t\t<div class=\"elementor-element elementor-element-de808ca e-con-full e-flex e-con e-child\" data-id=\"de808ca\" data-element_type=\"container\" data-e-type=\"container\">\n\t\t\t\t<div class=\"elementor-element elementor-element-a260131 elementor-widget elementor-widget-image-box\" data-id=\"a260131\" data-element_type=\"widget\" data-e-type=\"widget\" data-widget_type=\"image-box.default\">\n\t\t\t\t<div class=\"elementor-widget-container\">\n\t\t\t\t\t<div class=\"elementor-image-box-wrapper\"><div class=\"elementor-image-box-content\"><h2 class=\"elementor-image-box-title\">L'histoire de Saveurs d'ailleurs Market<\/h2><p class=\"elementor-image-box-description\">Avec plusieurs ann\u00e9es d'exp\u00e9rience dans le domaine de la vente en ligne, Saveurs d\u2019ailleurs Market s'est impos\u00e9 comme un acteur incontournable dans l'importation de produits exotiques. Notre passion pour la diversit\u00e9 culinaire et les cosm\u00e9tiques naturels nous permet de garantir des produits d'une qualit\u00e9 exceptionnelle.<\/p><\/div><\/div>\t\t\t\t<\/div>\n\t\t\t\t<\/div>\n\t\t\t\t<div class=\"elementor-element elementor-element-d15b1f8 elementor-align-left elementor-widget elementor-widget-button\" data-id=\"d15b1f8\" data-element_type=\"widget\" data-e-type=\"widget\" data-widget_type=\"button.default\">\n\t\t\t\t<div class=\"elementor-widget-container\">\n\t\t\t\t\t\t\t\t\t<div class=\"elementor-button-wrapper\">\n\t\t\t\t\t<a class=\"elementor-button elementor-button-link elementor-size-sm\" href=\"\/about\/\">\n\t\t\t\t\t\t<span class=\"elementor-button-content-wrapper\">\n\t\t\t\t\t\t\t\t\t<span class=\"elementor-button-text\">En savoir plus<\/span>\n\t\t\t\t\t<\/span>\n\t\t\t\t\t<\/a>\n\t\t\t\t<\/div>\n\t\t\t\t\t\t\t\t<\/div>\n\t\t\t\t<\/div>\n\t\t\t\t<\/div>\n\t\t\t\t\t<\/div>\n\t\t\t\t<\/div>\n\t\t<div class=\"elementor-element elementor-element-00a72f1 e-flex e-con-boxed e-con e-parent\" data-id=\"00a72f1\" data-element_type=\"container\" data-e-type=\"container\" data-settings=\"{&quot;background_background&quot;:&quot;classic&quot;}\">\n\t\t\t\t\t<div class=\"e-con-inner\">\n\t\t\t\t<div class=\"elementor-element elementor-element-ad8c984 elementor-widget elementor-widget-testimonial\" data-id=\"ad8c984\" data-element_type=\"widget\" data-e-type=\"widget\" data-widget_type=\"testimonial.default\">\n\t\t\t\t<div class=\"elementor-widget-container\">\n\t\t\t\t\t\t\t<div class=\"elementor-testimonial-wrapper\">\n\t\t\t\t\t\t\t<div class=\"elementor-testimonial-content\">Une exp\u00e9rience incroyable avec des produits de qualit\u00e9 que je ne trouve nulle part ailleurs. J'adore commander ici !<\/div>\n\t\t\t\n\t\t\t\t\t\t<div class=\"elementor-testimonial-meta elementor-has-image elementor-testimonial-image-position-top\">\n\t\t\t\t<div class=\"elementor-testimonial-meta-inner\">\n\t\t\t\t\t\t\t\t\t\t\t<div class=\"elementor-testimonial-image\">\n\t\t\t\t\t\t\t<img decoding=\"async\" width=\"150\" height=\"150\" src=\"https:\/\/fb8c57f0c5.0b5.mcms.ovh.net\/wp-content\/uploads\/2025\/03\/testimonial-skip-01.jpeg\" class=\"attachment-full size-full wp-image-162\" alt=\"testimonial skip 01\" title=\"Home\">\t\t\t\t\t\t<\/div>\n\t\t\t\t\t\n\t\t\t\t\t\t\t\t\t\t<div class=\"elementor-testimonial-details\">\n\t\t\t\t\t\t\t\t\t\t\t\t\t\t<div class=\"elementor-testimonial-name\">Jean Dupont<\/div>\n\t\t\t\t\t\t\t\t\t\t\t\t\t\t\t\t\t\t\t<\/div>\n\t\t\t\t\t\t\t\t\t<\/div>\n\t\t\t<\/div>\n\t\t\t\t\t<\/div>\n\t\t\t\t\t\t<\/div>\n\t\t\t\t<\/div>\n\t\t\t\t\t<\/div>\n\t\t\t\t<\/div>\n\t\t<div class=\"elementor-element elementor-element-d2b4540 e-flex e-con-boxed e-con e-parent\" data-id=\"d2b4540\" data-element_type=\"container\" data-e-type=\"container\" data-settings=\"{&quot;background_background&quot;:&quot;classic&quot;}\">\n\t\t\t\t\t<div class=\"e-con-inner\">\n\t\t\t\t<div class=\"elementor-element elementor-element-cba9b07 elementor-widget elementor-widget-image-box\" data-id=\"cba9b07\" data-element_type=\"widget\" data-e-type=\"widget\" data-widget_type=\"image-box.default\">\n\t\t\t\t<div class=\"elementor-widget-container\">\n\t\t\t\t\t<div class=\"elementor-image-box-wrapper\"><div class=\"elementor-image-box-content\"><h2 class=\"elementor-image-box-title\">D\u00e9couvrez pourquoi nous sommes uniques en notre genre<\/h2><p class=\"elementor-image-box-description\">Chez Saveurs d\u2019ailleurs Market, nous nous engageons \u00e0 offrir uniquement des produits authentiques, un service client exceptionnel et une exp\u00e9rience d'achat in\u00e9gal\u00e9e.<\/p><\/div><\/div>\t\t\t\t<\/div>\n\t\t\t\t<\/div>\n\t\t<div class=\"elementor-element elementor-element-3f09503 e-con-full e-flex e-con e-child\" data-id=\"3f09503\" data-element_type=\"container\" data-e-type=\"container\">\n\t\t<div class=\"elementor-element elementor-element-1722c6c e-con-full e-flex e-con e-child\" data-id=\"1722c6c\" data-element_type=\"container\" data-e-type=\"container\">\n\t\t\t\t<div class=\"elementor-element elementor-element-3406c83 elementor-widget elementor-widget-image\" data-id=\"3406c83\" data-element_type=\"widget\" data-e-type=\"widget\" data-widget_type=\"image.default\">\n\t\t\t\t<div class=\"elementor-widget-container\">\n\t\t\t\t\t\t\t\t\t\t\t\t\t\t\t<img decoding=\"async\" width=\"536\" height=\"536\" src=\"https:\/\/fb8c57f0c5.0b5.mcms.ovh.net\/wp-content\/uploads\/2025\/03\/about.jpg\" class=\"attachment-full size-full wp-image-48\" alt=\"about\" srcset=\"https:\/\/fb8c57f0c5.0b5.mcms.ovh.net\/wp-content\/uploads\/2025\/03\/about.jpg 536w, https:\/\/fb8c57f0c5.0b5.mcms.ovh.net\/wp-content\/uploads\/2025\/03\/about-300x300.jpg 300w, https:\/\/fb8c57f0c5.0b5.mcms.ovh.net\/wp-content\/uploads\/2025\/03\/about-150x150.jpg 150w\" sizes=\"(max-width: 536px) 100vw, 536px\" title=\"Home\">\t\t\t\t\t\t\t\t\t\t\t\t\t\t\t<\/div>\n\t\t\t\t<\/div>\n\t\t\t\t<\/div>\n\t\t<div class=\"elementor-element elementor-element-6c84982 e-con-full e-flex e-con e-child\" data-id=\"6c84982\" data-element_type=\"container\" data-e-type=\"container\">\n\t\t\t\t<div class=\"elementor-element elementor-element-661afa5 elementor-widget elementor-widget-hfe-infocard\" data-id=\"661afa5\" data-element_type=\"widget\" data-e-type=\"widget\" data-widget_type=\"hfe-infocard.default\">\n\t\t\t\t<div class=\"elementor-widget-container\">\n\t\t\t\t\t\n\t\t<div class=\"hfe-infocard\">\n\t\t\t\t\t\t\t\t\t<div class=\"hfe-infocard-title-wrap\">\n\t\t\t\t<h3 class=\"hfe-infocard-title elementor-inline-editing\" data-elementor-setting-key=\"infocard_title\" data-elementor-inline-editing-toolbar=\"basic\" >Authenticit\u00e9 garantie\u200b<\/h3>\t\t\t<\/div>\n\t\t\t\t\t\t<div class=\"hfe-infocard-text-wrap\">\n\t\t\t\t<div class=\"hfe-infocard-text elementor-inline-editing\" data-elementor-setting-key=\"infocard_description\" data-elementor-inline-editing-toolbar=\"advanced\">\n\t\t\t\t\tChaque produit est s\u00e9lectionn\u00e9 avec soin pour garantir son authenticit\u00e9. Nous travaillons directement avec des producteurs locaux pour vous offrir le meilleur.\t\t\t\t<\/div>\n\t\t\t\t\t\t\t<\/div>\n\t\t<\/div>\n\n\t\t\t\t\t\t<\/div>\n\t\t\t\t<\/div>\n\t\t\t\t<div class=\"elementor-element elementor-element-e5a618a elementor-align-left elementor-widget elementor-widget-button\" data-id=\"e5a618a\" data-element_type=\"widget\" data-e-type=\"widget\" data-widget_type=\"button.default\">\n\t\t\t\t<div class=\"elementor-widget-container\">\n\t\t\t\t\t\t\t\t\t<div class=\"elementor-button-wrapper\">\n\t\t\t\t\t<a class=\"elementor-button elementor-button-link elementor-size-sm\" href=\"\/offerings\/\">\n\t\t\t\t\t\t<span class=\"elementor-button-content-wrapper\">\n\t\t\t\t\t\t\t\t\t<span class=\"elementor-button-text\">En savoir plus<\/span>\n\t\t\t\t\t<\/span>\n\t\t\t\t\t<\/a>\n\t\t\t\t<\/div>\n\t\t\t\t\t\t\t\t<\/div>\n\t\t\t\t<\/div>\n\t\t\t\t<\/div>\n\t\t\t\t<\/div>\n\t\t<div class=\"elementor-element elementor-element-7d95bb6 e-con-full e-flex e-con e-child\" data-id=\"7d95bb6\" data-element_type=\"container\" data-e-type=\"container\">\n\t\t<div class=\"elementor-element elementor-element-cd58ab0 e-con-full e-flex e-con e-child\" data-id=\"cd58ab0\" data-element_type=\"container\" data-e-type=\"container\">\n\t\t\t\t<div class=\"elementor-element elementor-element-46cbb83 elementor-widget elementor-widget-hfe-infocard\" data-id=\"46cbb83\" data-element_type=\"widget\" data-e-type=\"widget\" data-widget_type=\"hfe-infocard.default\">\n\t\t\t\t<div class=\"elementor-widget-container\">\n\t\t\t\t\t\n\t\t<div class=\"hfe-infocard\">\n\t\t\t\t\t\t\t\t\t<div class=\"hfe-infocard-title-wrap\">\n\t\t\t\t<h3 class=\"hfe-infocard-title elementor-inline-editing\" data-elementor-setting-key=\"infocard_title\" data-elementor-inline-editing-toolbar=\"basic\" >Livraison rapide\u200b<\/h3>\t\t\t<\/div>\n\t\t\t\t\t\t<div class=\"hfe-infocard-text-wrap\">\n\t\t\t\t<div class=\"hfe-infocard-text elementor-inline-editing\" data-elementor-setting-key=\"infocard_description\" data-elementor-inline-editing-toolbar=\"advanced\">\n\t\t\t\t\tProfitez d'une livraison rapide partout en France. Nous nous engageons \u00e0 exp\u00e9dier votre commande d\u00e8s que possible pour une satisfaction totale.\t\t\t\t<\/div>\n\t\t\t\t\t\t\t<\/div>\n\t\t<\/div>\n\n\t\t\t\t\t\t<\/div>\n\t\t\t\t<\/div>\n\t\t\t\t<div class=\"elementor-element elementor-element-d420953 elementor-align-left elementor-widget elementor-widget-button\" data-id=\"d420953\" data-element_type=\"widget\" data-e-type=\"widget\" data-widget_type=\"button.default\">\n\t\t\t\t<div class=\"elementor-widget-container\">\n\t\t\t\t\t\t\t\t\t<div class=\"elementor-button-wrapper\">\n\t\t\t\t\t<a class=\"elementor-button elementor-button-link elementor-size-sm\" href=\"\/offerings\/\">\n\t\t\t\t\t\t<span class=\"elementor-button-content-wrapper\">\n\t\t\t\t\t\t\t\t\t<span class=\"elementor-button-text\">En savoir plus<\/span>\n\t\t\t\t\t<\/span>\n\t\t\t\t\t<\/a>\n\t\t\t\t<\/div>\n\t\t\t\t\t\t\t\t<\/div>\n\t\t\t\t<\/div>\n\t\t\t\t<\/div>\n\t\t<div class=\"elementor-element elementor-element-7696ad9 e-con-full e-flex e-con e-child\" data-id=\"7696ad9\" data-element_type=\"container\" data-e-type=\"container\">\n\t\t\t\t<div class=\"elementor-element elementor-element-3a96206 elementor-widget elementor-widget-image\" data-id=\"3a96206\" data-element_type=\"widget\" data-e-type=\"widget\" data-widget_type=\"image.default\">\n\t\t\t\t<div class=\"elementor-widget-container\">\n\t\t\t\t\t\t\t\t\t\t\t\t\t\t\t<img decoding=\"async\" src=\"http:\/\/e-multipurpose1.ziptemplates.top\/wp-content\/uploads\/2025\/03\/features-02.jpg\" title=\"Home\" alt=\"Features 02\" loading=\"lazy\">\t\t\t\t\t\t\t\t\t\t\t\t\t\t\t<\/div>\n\t\t\t\t<\/div>\n\t\t\t\t<\/div>\n\t\t\t\t<\/div>\n\t\t\t\t\t<\/div>\n\t\t\t\t<\/div>\n\t\t<div class=\"elementor-element elementor-element-93b84d6 e-flex e-con-boxed e-con e-parent\" data-id=\"93b84d6\" data-element_type=\"container\" data-e-type=\"container\" data-settings=\"{&quot;background_background&quot;:&quot;classic&quot;}\">\n\t\t\t\t\t<div class=\"e-con-inner\">\n\t\t\t\t<div class=\"elementor-element elementor-element-fe4743e elementor-widget elementor-widget-image-box\" data-id=\"fe4743e\" data-element_type=\"widget\" data-e-type=\"widget\" data-widget_type=\"image-box.default\">\n\t\t\t\t<div class=\"elementor-widget-container\">\n\t\t\t\t\t<div class=\"elementor-image-box-wrapper\"><div class=\"elementor-image-box-content\"><h2 class=\"elementor-image-box-title\">Rejoignez notre communaut\u00e9\u200b<\/h2><p class=\"elementor-image-box-description\">Abonnez-vous \u00e0 notre newsletter pour \u00eatre inform\u00e9 des nouveaut\u00e9s et des offres exclusives sur nos produits exotiques.<\/p><\/div><\/div>\t\t\t\t<\/div>\n\t\t\t\t<\/div>\n\t\t\t\t<div class=\"elementor-element elementor-element-1a6f4ce elementor-align-center elementor-widget elementor-widget-button\" data-id=\"1a6f4ce\" data-element_type=\"widget\" data-e-type=\"widget\" data-widget_type=\"button.default\">\n\t\t\t\t<div class=\"elementor-widget-container\">\n\t\t\t\t\t\t\t\t\t<div class=\"elementor-button-wrapper\">\n\t\t\t\t\t<a class=\"elementor-button elementor-button-link elementor-size-sm\" href=\"\/contact\/\">\n\t\t\t\t\t\t<span class=\"elementor-button-content-wrapper\">\n\t\t\t\t\t\t\t\t\t<span class=\"elementor-button-text\">Magasinez maintenant<\/span>\n\t\t\t\t\t<\/span>\n\t\t\t\t\t<\/a>\n\t\t\t\t<\/div>\n\t\t\t\t\t\t\t\t<\/div>\n\t\t\t\t<\/div>\n\t\t\t\t\t<\/div>\n\t\t\t\t<\/div>\n\t\t\t\t<\/div>\n\t\t","protected":false},"excerpt":{"rendered":"<p>D\u00e9couvrez les saveurs du monde\u200b Plongez dans un univers de produits exotiques et authentiques, directement sur votre table. Magasinez maintenant D\u00e9couvrez nos produits exotiques Plongez dans un monde de saveurs uniques avec notre s\u00e9lection d&#8217;articles alimentaires et cosm\u00e9tiques de qualit\u00e9 sup\u00e9rieure. \u00c9picerie\u200b\u200b Explorez notre gamme d&#8217;\u00e9pices, sauces et ingr\u00e9dients exotiques. Chaque produit est soigneusement s\u00e9lectionn\u00e9 [&hellip;]<\/p>\n","protected":false},"author":1,"featured_media":0,"parent":0,"menu_order":0,"comment_status":"closed","ping_status":"closed","template":"","meta":{"footnotes":""},"class_list":["post-537","page","type-page","status-publish","hentry"],"_links":{"self":[{"href":"https:\/\/fb8c57f0c5.0b5.mcms.ovh.net\/index.php?rest_route=\/wp\/v2\/pages\/537","targetHints":{"allow":["GET"]}}],"collection":[{"href":"https:\/\/fb8c57f0c5.0b5.mcms.ovh.net\/index.php?rest_route=\/wp\/v2\/pages"}],"about":[{"href":"https:\/\/fb8c57f0c5.0b5.mcms.ovh.net\/index.php?rest_route=\/wp\/v2\/types\/page"}],"author":[{"embeddable":true,"href":"https:\/\/fb8c57f0c5.0b5.mcms.ovh.net\/index.php?rest_route=\/wp\/v2\/users\/1"}],"replies":[{"embeddable":true,"href":"https:\/\/fb8c57f0c5.0b5.mcms.ovh.net\/index.php?rest_route=%2Fwp%2Fv2%2Fcomments&post=537"}],"version-history":[{"count":0,"href":"https:\/\/fb8c57f0c5.0b5.mcms.ovh.net\/index.php?rest_route=\/wp\/v2\/pages\/537\/revisions"}],"wp:attachment":[{"href":"https:\/\/fb8c57f0c5.0b5.mcms.ovh.net\/index.php?rest_route=%2Fwp%2Fv2%2Fmedia&parent=537"}],"curies":[{"name":"wp","href":"https:\/\/api.w.org\/{rel}","templated":true}]}}