{"id":594,"date":"2026-04-13T21:17:52","date_gmt":"2026-04-13T21:17:52","guid":{"rendered":"https:\/\/fb8c57f0c5.0b5.mcms.ovh.net\/?post_type=product&#038;p=594"},"modified":"2026-04-13T21:21:52","modified_gmt":"2026-04-13T21:21:52","slug":"attieke","status":"publish","type":"product","link":"https:\/\/fb8c57f0c5.0b5.mcms.ovh.net\/?product=attieke","title":{"rendered":"Atti\u00e9k\u00e9"},"content":{"rendered":"<p>L\u2019Atti\u00e9k\u00e9 est un accompagnement traditionnel \u00e0 base de manioc ferment\u00e9, originaire de C\u00f4te d\u2019Ivoire. L\u00e9ger et savoureux, il accompagne parfaitement les poissons grill\u00e9s, viandes et sauces africaines.<\/p>\n","protected":false},"excerpt":{"rendered":"<p>Atti\u00e9k\u00e9 ou Couscous manioc, or ivoirien<\/p>\n","protected":false},"featured_media":596,"comment_status":"open","ping_status":"closed","template":"","meta":[],"product_brand":[],"product_cat":[21],"product_tag":[],"class_list":{"0":"post-594","1":"product","2":"type-product","3":"status-publish","4":"has-post-thumbnail","6":"product_cat-non-classe","8":"first","9":"instock","10":"sale","11":"shipping-taxable","12":"purchasable","13":"product-type-simple"},"_links":{"self":[{"href":"https:\/\/fb8c57f0c5.0b5.mcms.ovh.net\/index.php?rest_route=\/wp\/v2\/product\/594","targetHints":{"allow":["GET"]}}],"collection":[{"href":"https:\/\/fb8c57f0c5.0b5.mcms.ovh.net\/index.php?rest_route=\/wp\/v2\/product"}],"about":[{"href":"https:\/\/fb8c57f0c5.0b5.mcms.ovh.net\/index.php?rest_route=\/wp\/v2\/types\/product"}],"replies":[{"embeddable":true,"href":"https:\/\/fb8c57f0c5.0b5.mcms.ovh.net\/index.php?rest_route=%2Fwp%2Fv2%2Fcomments&post=594"}],"wp:featuredmedia":[{"embeddable":true,"href":"https:\/\/fb8c57f0c5.0b5.mcms.ovh.net\/index.php?rest_route=\/wp\/v2\/media\/596"}],"wp:attachment":[{"href":"https:\/\/fb8c57f0c5.0b5.mcms.ovh.net\/index.php?rest_route=%2Fwp%2Fv2%2Fmedia&parent=594"}],"wp:term":[{"taxonomy":"product_brand","embeddable":true,"href":"https:\/\/fb8c57f0c5.0b5.mcms.ovh.net\/index.php?rest_route=%2Fwp%2Fv2%2Fproduct_brand&post=594"},{"taxonomy":"product_cat","embeddable":true,"href":"https:\/\/fb8c57f0c5.0b5.mcms.ovh.net\/index.php?rest_route=%2Fwp%2Fv2%2Fproduct_cat&post=594"},{"taxonomy":"product_tag","embeddable":true,"href":"https:\/\/fb8c57f0c5.0b5.mcms.ovh.net\/index.php?rest_route=%2Fwp%2Fv2%2Fproduct_tag&post=594"}],"curies":[{"name":"wp","href":"https:\/\/api.w.org\/{rel}","templated":true}]}}